{"id":1106,"date":"2023-12-05T17:14:27","date_gmt":"2023-12-05T20:14:27","guid":{"rendered":"https:\/\/www.explorevelo.ca\/?page_id=1106"},"modified":"2023-12-05T18:40:20","modified_gmt":"2023-12-05T21:40:20","slug":"christmas-gift-ideas-2023","status":"publish","type":"page","link":"https:\/\/www.explorevelo.ca\/fr\/christmas-gift-ideas-2023\/","title":{"rendered":"Guide Cadeaux de No\u00ebl 2023"},"content":{"rendered":"\n<p>Avec les f\u00eates de fin d&rsquo;ann\u00e9e qui approchent, il n&rsquo;est jamais trop t\u00f4t pour commencer \u00e0 magasiner ! Voici une liste de nos choix pour le cycliste dans votre vie :<\/p>\n\n\n\n<div class=\"wp-block-media-text is-stacked-on-mobile\"><figure class=\"wp-block-media-text__media\"><img decoding=\"async\" width=\"1024\" height=\"768\" src=\"https:\/\/www.explorevelo.ca\/wp-content\/uploads\/2023\/12\/333500393_981721942815617_8479898611678494263_n-1-1024x768.jpg\" alt=\"\" class=\"wp-image-1078 size-full\" srcset=\"https:\/\/www.explorevelo.ca\/wp-content\/uploads\/2023\/12\/333500393_981721942815617_8479898611678494263_n-1-1024x768.jpg 1024w, https:\/\/www.explorevelo.ca\/wp-content\/uploads\/2023\/12\/333500393_981721942815617_8479898611678494263_n-1-300x225.jpg 300w, https:\/\/www.explorevelo.ca\/wp-content\/uploads\/2023\/12\/333500393_981721942815617_8479898611678494263_n-1-768x576.jpg 768w, https:\/\/www.explorevelo.ca\/wp-content\/uploads\/2023\/12\/333500393_981721942815617_8479898611678494263_n-1-1536x1152.jpg 1536w, https:\/\/www.explorevelo.ca\/wp-content\/uploads\/2023\/12\/333500393_981721942815617_8479898611678494263_n-1-1440x1080.jpg 1440w, https:\/\/www.explorevelo.ca\/wp-content\/uploads\/2023\/12\/333500393_981721942815617_8479898611678494263_n-1.jpg 2048w\" sizes=\"(max-width: 1024px) 100vw, 1024px\" \/><\/figure><div class=\"wp-block-media-text__content\">\n<p><strong>Les choix de Carina<\/strong><\/p>\n\n\n\n<p><strong>Varia RCT715 <\/strong>: Ce radar avec cam\u00e9ra et lumi\u00e8re arri\u00e8re enregistre en continu votre d\u00e9placement. De plus, il d\u00e9tecte les v\u00e9hicules qui s&rsquo;approchent par l&rsquo;arri\u00e8re et s&rsquo;affiche sur votre appareil Garmin compatible.<\/p>\n\n\n\n<p><strong>Pompe Blackburn<\/strong> : Des pneus gonfl\u00e9s \u00e0 la bonne pression rendront votre conduite plus douce et vos pneus dureront plus longtemps. Blackburn fabrique des pompes garantie \u00e0 vie pour tous les cyclistes.<\/p>\n\n\n\n<p><\/p>\n\n\n\n<p><\/p>\n<\/div><\/div>\n\n\n\n<div class=\"wp-block-columns are-vertically-aligned-center is-layout-flex wp-container-core-columns-is-layout-9d6595d7 wp-block-columns-is-layout-flex\">\n<div class=\"wp-block-column is-vertically-aligned-center is-layout-flow wp-block-column-is-layout-flow\">\n<p><\/p>\n\n\n\n<p><strong>Les choix d&rsquo;Ariane<\/strong><\/p>\n\n\n\n<p><strong>Valves Tubeless<\/strong> <strong>de Muc-Off<\/strong>: Personnalisez vos valves tubeless avec notre gamme d&rsquo;accessoires color\u00e9s. C&rsquo;est le moyen id\u00e9al pour embellir votre v\u00e9lo !<\/p>\n\n\n\n<p><strong>Maillot thermique Signature Peppermint <\/strong>: Avec sa finition bross\u00e9e, le Thermal Jersey est s\u00fbr de vous garder au chaud tout en \u00e9tant super respirant ; un essentiel de la pendant les saisions froides.<\/p>\n<\/div>\n\n\n\n<div class=\"wp-block-column is-vertically-aligned-center is-layout-flow wp-block-column-is-layout-flow\">\n<figure class=\"wp-block-image size-large\"><img decoding=\"async\" width=\"1024\" height=\"768\" src=\"https:\/\/www.explorevelo.ca\/wp-content\/uploads\/2023\/12\/321597181_3387524861537145_6800238013577402088_n-1-1024x768.jpg\" alt=\"\" class=\"wp-image-1084\" srcset=\"https:\/\/www.explorevelo.ca\/wp-content\/uploads\/2023\/12\/321597181_3387524861537145_6800238013577402088_n-1-1024x768.jpg 1024w, https:\/\/www.explorevelo.ca\/wp-content\/uploads\/2023\/12\/321597181_3387524861537145_6800238013577402088_n-1-300x225.jpg 300w, https:\/\/www.explorevelo.ca\/wp-content\/uploads\/2023\/12\/321597181_3387524861537145_6800238013577402088_n-1-768x576.jpg 768w, https:\/\/www.explorevelo.ca\/wp-content\/uploads\/2023\/12\/321597181_3387524861537145_6800238013577402088_n-1-1536x1152.jpg 1536w, https:\/\/www.explorevelo.ca\/wp-content\/uploads\/2023\/12\/321597181_3387524861537145_6800238013577402088_n-1-1440x1080.jpg 1440w, https:\/\/www.explorevelo.ca\/wp-content\/uploads\/2023\/12\/321597181_3387524861537145_6800238013577402088_n-1.jpg 2048w\" sizes=\"(max-width: 1024px) 100vw, 1024px\" \/><\/figure>\n<\/div>\n\n\n\n<div class=\"wp-block-column is-vertically-aligned-center is-layout-flow wp-block-column-is-layout-flow\">\n<figure class=\"wp-block-image size-large\"><img decoding=\"async\" width=\"1024\" height=\"768\" src=\"https:\/\/www.explorevelo.ca\/wp-content\/uploads\/2023\/12\/320216488_883463132839153_9190241491846182239_n-1-1024x768.jpg\" alt=\"\" class=\"wp-image-1088\" srcset=\"https:\/\/www.explorevelo.ca\/wp-content\/uploads\/2023\/12\/320216488_883463132839153_9190241491846182239_n-1-1024x768.jpg 1024w, https:\/\/www.explorevelo.ca\/wp-content\/uploads\/2023\/12\/320216488_883463132839153_9190241491846182239_n-1-300x225.jpg 300w, https:\/\/www.explorevelo.ca\/wp-content\/uploads\/2023\/12\/320216488_883463132839153_9190241491846182239_n-1-768x576.jpg 768w, https:\/\/www.explorevelo.ca\/wp-content\/uploads\/2023\/12\/320216488_883463132839153_9190241491846182239_n-1-1536x1152.jpg 1536w, https:\/\/www.explorevelo.ca\/wp-content\/uploads\/2023\/12\/320216488_883463132839153_9190241491846182239_n-1-1440x1080.jpg 1440w, https:\/\/www.explorevelo.ca\/wp-content\/uploads\/2023\/12\/320216488_883463132839153_9190241491846182239_n-1.jpg 2048w\" sizes=\"(max-width: 1024px) 100vw, 1024px\" \/><\/figure>\n<\/div>\n<\/div>\n\n\n\n<div class=\"wp-block-columns are-vertically-aligned-center is-layout-flex wp-container-core-columns-is-layout-9d6595d7 wp-block-columns-is-layout-flex\">\n<div class=\"wp-block-column is-vertically-aligned-center is-layout-flow wp-block-column-is-layout-flow\">\n<figure class=\"wp-block-image size-large\"><img decoding=\"async\" width=\"1024\" height=\"768\" src=\"https:\/\/www.explorevelo.ca\/wp-content\/uploads\/2023\/12\/321485709_705188547798300_7067260497174548373_n-1024x768.jpg\" alt=\"\" class=\"wp-image-1090\" srcset=\"https:\/\/www.explorevelo.ca\/wp-content\/uploads\/2023\/12\/321485709_705188547798300_7067260497174548373_n-1024x768.jpg 1024w, https:\/\/www.explorevelo.ca\/wp-content\/uploads\/2023\/12\/321485709_705188547798300_7067260497174548373_n-300x225.jpg 300w, https:\/\/www.explorevelo.ca\/wp-content\/uploads\/2023\/12\/321485709_705188547798300_7067260497174548373_n-768x576.jpg 768w, https:\/\/www.explorevelo.ca\/wp-content\/uploads\/2023\/12\/321485709_705188547798300_7067260497174548373_n-1536x1152.jpg 1536w, https:\/\/www.explorevelo.ca\/wp-content\/uploads\/2023\/12\/321485709_705188547798300_7067260497174548373_n-1440x1080.jpg 1440w, https:\/\/www.explorevelo.ca\/wp-content\/uploads\/2023\/12\/321485709_705188547798300_7067260497174548373_n.jpg 2048w\" sizes=\"(max-width: 1024px) 100vw, 1024px\" \/><\/figure>\n<\/div>\n\n\n\n<div class=\"wp-block-column is-vertically-aligned-center is-layout-flow wp-block-column-is-layout-flow\"><div class=\"wp-block-image\">\n<figure class=\"aligncenter size-large\"><img decoding=\"async\" width=\"1024\" height=\"768\" src=\"https:\/\/www.explorevelo.ca\/wp-content\/uploads\/2023\/12\/321546774_1109675946374567_6989316278278603201_n-1024x768.jpg\" alt=\"\" class=\"wp-image-1092\" srcset=\"https:\/\/www.explorevelo.ca\/wp-content\/uploads\/2023\/12\/321546774_1109675946374567_6989316278278603201_n-1024x768.jpg 1024w, https:\/\/www.explorevelo.ca\/wp-content\/uploads\/2023\/12\/321546774_1109675946374567_6989316278278603201_n-300x225.jpg 300w, https:\/\/www.explorevelo.ca\/wp-content\/uploads\/2023\/12\/321546774_1109675946374567_6989316278278603201_n-768x576.jpg 768w, https:\/\/www.explorevelo.ca\/wp-content\/uploads\/2023\/12\/321546774_1109675946374567_6989316278278603201_n-1536x1152.jpg 1536w, https:\/\/www.explorevelo.ca\/wp-content\/uploads\/2023\/12\/321546774_1109675946374567_6989316278278603201_n-1440x1080.jpg 1440w, https:\/\/www.explorevelo.ca\/wp-content\/uploads\/2023\/12\/321546774_1109675946374567_6989316278278603201_n.jpg 2048w\" sizes=\"(max-width: 1024px) 100vw, 1024px\" \/><\/figure>\n<\/div><\/div>\n\n\n\n<div class=\"wp-block-column is-vertically-aligned-center is-layout-flow wp-block-column-is-layout-flow\">\n<p><strong>Les choix de Logan<\/strong><\/p>\n\n\n\n<p><strong>Nano Torqbar<\/strong> : Il s&rsquo;agit d&rsquo;un outil de pr\u00e9cision et de haute qualit\u00e9 pour le m\u00e9canicien amateur ou l&rsquo;atelier de v\u00e9lo professionnel. Ces cl\u00e9s dynamom\u00e9triques pr\u00e9r\u00e9gl\u00e9es sont parfaites pour ajuster le jeu de direction !<\/p>\n\n\n\n<p><strong>Ensemble de valeur Finish Line<\/strong> : Le Premium Bike Care Value Pack est une vari\u00e9t\u00e9 de trois produits Finish Line uniques. Tout le monde aime un v\u00e9lo propre !<\/p>\n<\/div>\n<\/div>\n\n\n\n<p><strong>Vous ne savez toujours pas quoi offrir ? Pourquoi ne pas leur offrir la possibilit\u00e9 d&rsquo;acheter exactement ce qu&rsquo;ils d\u00e9sirent avec une carte-cadeau d&rsquo;Explore Velo ! Venez choisir une carte, une enveloppe et le montant d\u00e9sir\u00e9 et laissez-les faire leurs achats.<\/strong><\/p>\n\n\n\n<figure class=\"wp-block-image size-large\"><img decoding=\"async\" width=\"955\" height=\"1024\" src=\"https:\/\/www.explorevelo.ca\/wp-content\/uploads\/2023\/03\/294678035_178127984685201_5171814375333185235_n-955x1024.jpg\" alt=\"\" class=\"wp-image-927\" srcset=\"https:\/\/www.explorevelo.ca\/wp-content\/uploads\/2023\/03\/294678035_178127984685201_5171814375333185235_n-955x1024.jpg 955w, https:\/\/www.explorevelo.ca\/wp-content\/uploads\/2023\/03\/294678035_178127984685201_5171814375333185235_n-280x300.jpg 280w, https:\/\/www.explorevelo.ca\/wp-content\/uploads\/2023\/03\/294678035_178127984685201_5171814375333185235_n-768x823.jpg 768w, https:\/\/www.explorevelo.ca\/wp-content\/uploads\/2023\/03\/294678035_178127984685201_5171814375333185235_n-1433x1536.jpg 1433w, https:\/\/www.explorevelo.ca\/wp-content\/uploads\/2023\/03\/294678035_178127984685201_5171814375333185235_n.jpg 1440w\" sizes=\"(max-width: 955px) 100vw, 955px\" \/><\/figure>\n","protected":false},"excerpt":{"rendered":"<p>Avec les f\u00eates de fin d&rsquo;ann\u00e9e qui approchent, il n&rsquo;est jamais trop t\u00f4t pour commencer \u00e0 magasiner ! Voici une liste de nos choix pour le cycliste dans votre vie : Les choix de Carina Varia RCT715 : Ce radar avec cam\u00e9ra et lumi\u00e8re arri\u00e8re enregistre en continu votre d\u00e9placement. De plus, il d\u00e9tecte les [&hellip;]<\/p>\n","protected":false},"author":2,"featured_media":0,"parent":0,"menu_order":0,"comment_status":"closed","ping_status":"closed","template":"","meta":{"_acf_changed":false,"footnotes":""},"class_list":["post-1106","page","type-page","status-publish","hentry"],"acf":[],"yoast_head":"<!-- This site is optimized with the Yoast SEO plugin v22.2 - https:\/\/yoast.com\/wordpress\/plugins\/seo\/ -->\n<title>Guide Cadeaux de No\u00ebl 2023 | ExploreVelo<\/title>\n<meta name=\"description\" content=\"Explore Velo is a unique full service, retail cycling experience catering to all riders, cyclists. It is born from all that cycling delivers to life and its benefits to mental and physical health. The store features unique, fun and inspiring characteristics found while exploring some of the best bike shops in North America over the last 15 years. We are excited to bring new brands to central New Brunswick including a couple of iconic 100+-year-old brands and some exciting Canadian brands to the marketplace in order to inspire new and experienced riders, young and old alike. Explore Velo, Geared for Adventure!\" \/>\n<meta name=\"robots\" content=\"index, follow, max-snippet:-1, max-image-preview:large, max-video-preview:-1\" \/>\n<link rel=\"canonical\" href=\"https:\/\/www.explorevelo.ca\/fr\/christmas-gift-ideas-2023\/\" \/>\n<meta property=\"og:locale\" content=\"fr_FR\" \/>\n<meta property=\"og:type\" content=\"article\" \/>\n<meta property=\"og:title\" content=\"Guide Cadeaux de No\u00ebl 2023 | ExploreVelo\" \/>\n<meta property=\"og:description\" content=\"Explore Velo is a unique full service, retail cycling experience catering to all riders, cyclists. It is born from all that cycling delivers to life and its benefits to mental and physical health. The store features unique, fun and inspiring characteristics found while exploring some of the best bike shops in North America over the last 15 years. We are excited to bring new brands to central New Brunswick including a couple of iconic 100+-year-old brands and some exciting Canadian brands to the marketplace in order to inspire new and experienced riders, young and old alike. Explore Velo, Geared for Adventure!\" \/>\n<meta property=\"og:url\" content=\"https:\/\/www.explorevelo.ca\/fr\/christmas-gift-ideas-2023\/\" \/>\n<meta property=\"og:site_name\" content=\"ExploreVelo\" \/>\n<meta property=\"article:publisher\" content=\"https:\/\/www.facebook.com\/people\/Explore-Velo\/100074640000057\/\" \/>\n<meta property=\"article:modified_time\" content=\"2023-12-05T21:40:20+00:00\" \/>\n<meta property=\"og:image\" content=\"https:\/\/www.explorevelo.ca\/wp-content\/uploads\/2023\/12\/333500393_981721942815617_8479898611678494263_n-1-1024x768.jpg\" \/>\n<meta name=\"twitter:card\" content=\"summary_large_image\" \/>\n<meta name=\"twitter:site\" content=\"@explorevelo\" \/>\n<meta name=\"twitter:label1\" content=\"Dur\u00e9e de lecture estim\u00e9e\" \/>\n\t<meta name=\"twitter:data1\" content=\"3 minutes\" \/>\n<script type=\"application\/ld+json\" class=\"yoast-schema-graph\">{\"@context\":\"https:\/\/schema.org\",\"@graph\":[{\"@type\":\"WebPage\",\"@id\":\"https:\/\/www.explorevelo.ca\/fr\/christmas-gift-ideas-2023\/\",\"url\":\"https:\/\/www.explorevelo.ca\/fr\/christmas-gift-ideas-2023\/\",\"name\":\"Guide Cadeaux de No\u00ebl 2023 | ExploreVelo\",\"isPartOf\":{\"@id\":\"https:\/\/www.explorevelo.ca\/fr\/#website\"},\"primaryImageOfPage\":{\"@id\":\"https:\/\/www.explorevelo.ca\/fr\/christmas-gift-ideas-2023\/#primaryimage\"},\"image\":{\"@id\":\"https:\/\/www.explorevelo.ca\/fr\/christmas-gift-ideas-2023\/#primaryimage\"},\"thumbnailUrl\":\"https:\/\/www.explorevelo.ca\/wp-content\/uploads\/2023\/12\/333500393_981721942815617_8479898611678494263_n-1-1024x768.jpg\",\"datePublished\":\"2023-12-05T20:14:27+00:00\",\"dateModified\":\"2023-12-05T21:40:20+00:00\",\"description\":\"Explore Velo is a unique full service, retail cycling experience catering to all riders, cyclists. It is born from all that cycling delivers to life and its benefits to mental and physical health. The store features unique, fun and inspiring characteristics found while exploring some of the best bike shops in North America over the last 15 years. We are excited to bring new brands to central New Brunswick including a couple of iconic 100+-year-old brands and some exciting Canadian brands to the marketplace in order to inspire new and experienced riders, young and old alike. Explore Velo, Geared for Adventure!\",\"breadcrumb\":{\"@id\":\"https:\/\/www.explorevelo.ca\/fr\/christmas-gift-ideas-2023\/#breadcrumb\"},\"inLanguage\":\"fr-FR\",\"potentialAction\":[{\"@type\":\"ReadAction\",\"target\":[\"https:\/\/www.explorevelo.ca\/fr\/christmas-gift-ideas-2023\/\"]}]},{\"@type\":\"ImageObject\",\"inLanguage\":\"fr-FR\",\"@id\":\"https:\/\/www.explorevelo.ca\/fr\/christmas-gift-ideas-2023\/#primaryimage\",\"url\":\"https:\/\/www.explorevelo.ca\/wp-content\/uploads\/2023\/12\/333500393_981721942815617_8479898611678494263_n-1.jpg\",\"contentUrl\":\"https:\/\/www.explorevelo.ca\/wp-content\/uploads\/2023\/12\/333500393_981721942815617_8479898611678494263_n-1.jpg\",\"width\":2048,\"height\":1536},{\"@type\":\"BreadcrumbList\",\"@id\":\"https:\/\/www.explorevelo.ca\/fr\/christmas-gift-ideas-2023\/#breadcrumb\",\"itemListElement\":[{\"@type\":\"ListItem\",\"position\":1,\"name\":\"Home\",\"item\":\"https:\/\/www.explorevelo.ca\/fr\/\"},{\"@type\":\"ListItem\",\"position\":2,\"name\":\"Guide Cadeaux de No\u00ebl 2023\"}]},{\"@type\":\"WebSite\",\"@id\":\"https:\/\/www.explorevelo.ca\/fr\/#website\",\"url\":\"https:\/\/www.explorevelo.ca\/fr\/\",\"name\":\"ExploreVelo\",\"description\":\"Ax\u00e9 sur l&#039;aventure\",\"publisher\":{\"@id\":\"https:\/\/www.explorevelo.ca\/fr\/#organization\"},\"potentialAction\":[{\"@type\":\"SearchAction\",\"target\":{\"@type\":\"EntryPoint\",\"urlTemplate\":\"https:\/\/www.explorevelo.ca\/fr\/?s={search_term_string}\"},\"query-input\":\"required name=search_term_string\"}],\"inLanguage\":\"fr-FR\"},{\"@type\":\"Organization\",\"@id\":\"https:\/\/www.explorevelo.ca\/fr\/#organization\",\"name\":\"ExploreVelo\",\"url\":\"https:\/\/www.explorevelo.ca\/fr\/\",\"logo\":{\"@type\":\"ImageObject\",\"inLanguage\":\"fr-FR\",\"@id\":\"https:\/\/www.explorevelo.ca\/fr\/#\/schema\/logo\/image\/\",\"url\":\"https:\/\/www.explorevelo.ca\/wp-content\/uploads\/2022\/07\/logo.svg\",\"contentUrl\":\"https:\/\/www.explorevelo.ca\/wp-content\/uploads\/2022\/07\/logo.svg\",\"width\":1080,\"height\":1080,\"caption\":\"ExploreVelo\"},\"image\":{\"@id\":\"https:\/\/www.explorevelo.ca\/fr\/#\/schema\/logo\/image\/\"},\"sameAs\":[\"https:\/\/www.facebook.com\/people\/Explore-Velo\/100074640000057\/\",\"https:\/\/twitter.com\/explorevelo\",\"https:\/\/www.instagram.com\/explorevelo.ca\/\"]}]}<\/script>\n<!-- \/ Yoast SEO plugin. -->","yoast_head_json":{"title":"Guide Cadeaux de No\u00ebl 2023 | ExploreVelo","description":"Explore Velo is a unique full service, retail cycling experience catering to all riders, cyclists. It is born from all that cycling delivers to life and its benefits to mental and physical health. The store features unique, fun and inspiring characteristics found while exploring some of the best bike shops in North America over the last 15 years. We are excited to bring new brands to central New Brunswick including a couple of iconic 100+-year-old brands and some exciting Canadian brands to the marketplace in order to inspire new and experienced riders, young and old alike. Explore Velo, Geared for Adventure!","robots":{"index":"index","follow":"follow","max-snippet":"max-snippet:-1","max-image-preview":"max-image-preview:large","max-video-preview":"max-video-preview:-1"},"canonical":"https:\/\/www.explorevelo.ca\/fr\/christmas-gift-ideas-2023\/","og_locale":"fr_FR","og_type":"article","og_title":"Guide Cadeaux de No\u00ebl 2023 | ExploreVelo","og_description":"Explore Velo is a unique full service, retail cycling experience catering to all riders, cyclists. It is born from all that cycling delivers to life and its benefits to mental and physical health. The store features unique, fun and inspiring characteristics found while exploring some of the best bike shops in North America over the last 15 years. We are excited to bring new brands to central New Brunswick including a couple of iconic 100+-year-old brands and some exciting Canadian brands to the marketplace in order to inspire new and experienced riders, young and old alike. Explore Velo, Geared for Adventure!","og_url":"https:\/\/www.explorevelo.ca\/fr\/christmas-gift-ideas-2023\/","og_site_name":"ExploreVelo","article_publisher":"https:\/\/www.facebook.com\/people\/Explore-Velo\/100074640000057\/","article_modified_time":"2023-12-05T21:40:20+00:00","og_image":[{"url":"https:\/\/www.explorevelo.ca\/wp-content\/uploads\/2023\/12\/333500393_981721942815617_8479898611678494263_n-1-1024x768.jpg"}],"twitter_card":"summary_large_image","twitter_site":"@explorevelo","twitter_misc":{"Dur\u00e9e de lecture estim\u00e9e":"3 minutes"},"schema":{"@context":"https:\/\/schema.org","@graph":[{"@type":"WebPage","@id":"https:\/\/www.explorevelo.ca\/fr\/christmas-gift-ideas-2023\/","url":"https:\/\/www.explorevelo.ca\/fr\/christmas-gift-ideas-2023\/","name":"Guide Cadeaux de No\u00ebl 2023 | ExploreVelo","isPartOf":{"@id":"https:\/\/www.explorevelo.ca\/fr\/#website"},"primaryImageOfPage":{"@id":"https:\/\/www.explorevelo.ca\/fr\/christmas-gift-ideas-2023\/#primaryimage"},"image":{"@id":"https:\/\/www.explorevelo.ca\/fr\/christmas-gift-ideas-2023\/#primaryimage"},"thumbnailUrl":"https:\/\/www.explorevelo.ca\/wp-content\/uploads\/2023\/12\/333500393_981721942815617_8479898611678494263_n-1-1024x768.jpg","datePublished":"2023-12-05T20:14:27+00:00","dateModified":"2023-12-05T21:40:20+00:00","description":"Explore Velo is a unique full service, retail cycling experience catering to all riders, cyclists. It is born from all that cycling delivers to life and its benefits to mental and physical health. The store features unique, fun and inspiring characteristics found while exploring some of the best bike shops in North America over the last 15 years. We are excited to bring new brands to central New Brunswick including a couple of iconic 100+-year-old brands and some exciting Canadian brands to the marketplace in order to inspire new and experienced riders, young and old alike. Explore Velo, Geared for Adventure!","breadcrumb":{"@id":"https:\/\/www.explorevelo.ca\/fr\/christmas-gift-ideas-2023\/#breadcrumb"},"inLanguage":"fr-FR","potentialAction":[{"@type":"ReadAction","target":["https:\/\/www.explorevelo.ca\/fr\/christmas-gift-ideas-2023\/"]}]},{"@type":"ImageObject","inLanguage":"fr-FR","@id":"https:\/\/www.explorevelo.ca\/fr\/christmas-gift-ideas-2023\/#primaryimage","url":"https:\/\/www.explorevelo.ca\/wp-content\/uploads\/2023\/12\/333500393_981721942815617_8479898611678494263_n-1.jpg","contentUrl":"https:\/\/www.explorevelo.ca\/wp-content\/uploads\/2023\/12\/333500393_981721942815617_8479898611678494263_n-1.jpg","width":2048,"height":1536},{"@type":"BreadcrumbList","@id":"https:\/\/www.explorevelo.ca\/fr\/christmas-gift-ideas-2023\/#breadcrumb","itemListElement":[{"@type":"ListItem","position":1,"name":"Home","item":"https:\/\/www.explorevelo.ca\/fr\/"},{"@type":"ListItem","position":2,"name":"Guide Cadeaux de No\u00ebl 2023"}]},{"@type":"WebSite","@id":"https:\/\/www.explorevelo.ca\/fr\/#website","url":"https:\/\/www.explorevelo.ca\/fr\/","name":"ExploreVelo","description":"Ax\u00e9 sur l&#039;aventure","publisher":{"@id":"https:\/\/www.explorevelo.ca\/fr\/#organization"},"potentialAction":[{"@type":"SearchAction","target":{"@type":"EntryPoint","urlTemplate":"https:\/\/www.explorevelo.ca\/fr\/?s={search_term_string}"},"query-input":"required name=search_term_string"}],"inLanguage":"fr-FR"},{"@type":"Organization","@id":"https:\/\/www.explorevelo.ca\/fr\/#organization","name":"ExploreVelo","url":"https:\/\/www.explorevelo.ca\/fr\/","logo":{"@type":"ImageObject","inLanguage":"fr-FR","@id":"https:\/\/www.explorevelo.ca\/fr\/#\/schema\/logo\/image\/","url":"https:\/\/www.explorevelo.ca\/wp-content\/uploads\/2022\/07\/logo.svg","contentUrl":"https:\/\/www.explorevelo.ca\/wp-content\/uploads\/2022\/07\/logo.svg","width":1080,"height":1080,"caption":"ExploreVelo"},"image":{"@id":"https:\/\/www.explorevelo.ca\/fr\/#\/schema\/logo\/image\/"},"sameAs":["https:\/\/www.facebook.com\/people\/Explore-Velo\/100074640000057\/","https:\/\/twitter.com\/explorevelo","https:\/\/www.instagram.com\/explorevelo.ca\/"]}]}},"_links":{"self":[{"href":"https:\/\/www.explorevelo.ca\/fr\/wp-json\/wp\/v2\/pages\/1106","targetHints":{"allow":["GET"]}}],"collection":[{"href":"https:\/\/www.explorevelo.ca\/fr\/wp-json\/wp\/v2\/pages"}],"about":[{"href":"https:\/\/www.explorevelo.ca\/fr\/wp-json\/wp\/v2\/types\/page"}],"author":[{"embeddable":true,"href":"https:\/\/www.explorevelo.ca\/fr\/wp-json\/wp\/v2\/users\/2"}],"replies":[{"embeddable":true,"href":"https:\/\/www.explorevelo.ca\/fr\/wp-json\/wp\/v2\/comments?post=1106"}],"version-history":[{"count":2,"href":"https:\/\/www.explorevelo.ca\/fr\/wp-json\/wp\/v2\/pages\/1106\/revisions"}],"predecessor-version":[{"id":1109,"href":"https:\/\/www.explorevelo.ca\/fr\/wp-json\/wp\/v2\/pages\/1106\/revisions\/1109"}],"wp:attachment":[{"href":"https:\/\/www.explorevelo.ca\/fr\/wp-json\/wp\/v2\/media?parent=1106"}],"curies":[{"name":"wp","href":"https:\/\/api.w.org\/{rel}","templated":true}]}}