{"id":476,"date":"2022-07-07T15:30:46","date_gmt":"2022-07-07T15:30:46","guid":{"rendered":"https:\/\/explorevelo.ca\/?page_id=476"},"modified":"2023-03-08T15:27:30","modified_gmt":"2023-03-08T18:27:30","slug":"pourquoi-acheter-votre-velo-chez-explore-velo","status":"publish","type":"page","link":"https:\/\/www.explorevelo.ca\/fr\/pourquoi-acheter-votre-velo-chez-explore-velo\/","title":{"rendered":"Pourquoi acheter chez explore velo?\u00a0"},"content":{"rendered":"\n<h1 class=\"wp-block-heading\">Pourquoi acheter votre v\u00e9lo chez explore velo?<\/h1>\n\n\n\n<h6 class=\"wp-block-heading\"><strong>20% de rabais sur LES ACCESSOIRES lors de votre achat<\/strong> <\/h6>\n\n\n\n<p>Pensez s\u00e9curit\u00e9, survie et couleurs<\/p>\n\n\n\n<div style=\"height:11px\" aria-hidden=\"true\" class=\"wp-block-spacer\"><\/div>\n\n\n\n<figure class=\"wp-block-table is-style-regular\"><table class=\"has-black-color has-white-background-color has-text-color has-background\"><tbody><tr><td><strong>Safety<\/strong><\/td><td><strong>Survival<\/strong><\/td><td><strong>Bling<\/strong><\/td><\/tr><tr><td>Bells, Lights, reflective<\/td><td>Pumps, CO2, Spares<\/td><td>Pedals<\/td><\/tr><tr><td>Helmets, gloves<\/td><td>Bags, saddle bags<\/td><td>Grips<\/td><\/tr><tr><td>Spare parts<\/td><td>Tools, Multi-tools<\/td><td>Handlebars, Stems<\/td><\/tr><tr><td>Locks<\/td><td>Chain Lube, grease<\/td><td>Water bottles, cages<\/td><\/tr><\/tbody><\/table><\/figure>\n\n\n\n<p>* Certaines exceptions s&rsquo;appliquent : Thule, Garmin, \u00e9lectronique<\/p>\n\n\n\n<div style=\"height:21px\" aria-hidden=\"true\" class=\"wp-block-spacer\"><\/div>\n\n\n\n<h6 class=\"wp-block-heading\"><strong>AUCUNS FRAIS<\/strong><\/h6>\n\n\n\n<p class=\"has-black-color has-text-color\">Aucuns frais administratifs, aucuns frais de documentation, aucuns frais de montage, aucuns frais PDI. Le prix que vous voyez est le prix que vous payez (+ TVH). Aucunes surprises!<\/p>\n\n\n\n<div style=\"height:20px\" aria-hidden=\"true\" class=\"wp-block-spacer\"><\/div>\n\n\n\n<h6 class=\"wp-block-heading\"><strong>SERVICE COMPLET<\/strong> <\/h6>\n\n\n\n<p>Nous entretenons ce que nous vendons et sommes enti\u00e8rement soutenus par les fabricants avec les outils appropri\u00e9s. <strong>Pendant les 24 premiers mois de propri\u00e9t\u00e9<\/strong>, le r\u00e9glage fin des d\u00e9railleurs, des freins et des cintres est couvert sans frais pour le propri\u00e9taire d&rsquo;origine. (Une mise au point annuelle compl\u00e8te est toujours recommand\u00e9e pour examiner toutes les composantes du v\u00e9lo)<\/p>\n\n\n\n<div style=\"height:20px\" aria-hidden=\"true\" class=\"wp-block-spacer\"><\/div>\n\n\n\n<h6 class=\"wp-block-heading\"><strong><strong>L&rsquo;ASSEMBLAGE DE V\u00c9LO PROFESSIONNEL<\/strong><\/strong> <\/h6>\n\n\n\n<p>Garantit un v\u00e9lo s\u00fbr, amusant et fiable pour les ann\u00e9es \u00e0 venir. Les outils, les graisses, les p\u00e2tes d&rsquo;assemblage et les couples de serrage appropri\u00e9s sont utilis\u00e9s et v\u00e9rifi\u00e9s. Tranquillit\u00e9 d&rsquo;esprit sachant que nous sommes soutenus par les fabricants qui ont con\u00e7u, achet\u00e9 et construit votre v\u00e9lo.<\/p>\n\n\n\n<div style=\"height:20px\" aria-hidden=\"true\" class=\"wp-block-spacer\"><\/div>\n\n\n\n<h6 class=\"wp-block-heading\"><strong><strong>NOUS SOMMES UN MAGASIN DE V\u00c9LOS<\/strong><\/strong><\/h6>\n\n\n\n<p>Nous savons que la diff\u00e9rence est entre une manivelle et un bo\u00eetier de p\u00e9dalier, une vis B et un ajusteur de barillet et un levier de vitesses et un d\u00e9railleur.&nbsp;&nbsp;&nbsp;<\/p>\n\n\n\n<div style=\"height:20px\" aria-hidden=\"true\" class=\"wp-block-spacer\"><\/div>\n\n\n\n<h6 class=\"wp-block-heading\"><strong><strong>ACCESSOIRES<\/strong><\/strong><\/h6>\n\n\n\n<p>Nous sommes enti\u00e8rement approvisionn\u00e9s avec les accessoires dont vous avez besoin. Lorsque vous achetez un v\u00e9lo chez Explore Velo, vous b\u00e9n\u00e9ficiez d&rsquo;une remise de 20% sur les accessoires lors de votre achat.<\/p>\n\n\n\n<div style=\"height:20px\" aria-hidden=\"true\" class=\"wp-block-spacer\"><\/div>\n\n\n\n<h6 class=\"wp-block-heading\"><strong><strong>LA S\u00c9CURIT\u00c9 D\u2019ABORD<\/strong><\/strong><\/h6>\n\n\n\n<p>Nous savons dans quelle direction installer le guidon, les couples et les outils \u00e0 utiliser pour garantir que vos composantes sont install\u00e9es en toute s\u00e9curit\u00e9 et pr\u00eats \u00e0 l\u2019utilisation.&nbsp;<\/p>\n\n\n\n<div style=\"height:20px\" aria-hidden=\"true\" class=\"wp-block-spacer\"><\/div>\n\n\n\n<hr class=\"wp-block-separator has-text-color has-alpha-channel-opacity has-background is-style-default\" style=\"background-color:#ca5d2b;color:#ca5d2b\"\/>\n\n\n\n<div style=\"height:20px\" aria-hidden=\"true\" class=\"wp-block-spacer\"><\/div>\n\n\n\n<h1 class=\"wp-block-heading\">Pourquoi choisir un v\u00e9lo \u00e9lectrique d&rsquo;explore velo?<\/h1>\n\n\n\n<p><em>TOP 6 meilleures raisons d&rsquo;acheter votre prochain v\u00e9lo \u00e9lectrique chez Explore Velo. (Pas d&rsquo;ordre particulier)<\/em>&nbsp;<\/p>\n\n\n\n<ol class=\"wp-block-list\">\n<li><strong><em>PAS DE FRAIS<\/em>:<\/strong> <em>Pas de frais administratifs, pas de frais de documentation, pas de frais de montage, pas de frais PDI. Le prix que vous voyez est le prix que vous payez (+ TVH). Pas de surprises!&nbsp;<\/em>&nbsp;<\/li>\n\n\n\n<li><strong><em>SERVICE COMPLET<\/em>:<\/strong> <em>Nous entretenons ce que nous vendons et sommes enti\u00e8rement soutenus par les fabricants avec les outils appropri\u00e9s.<\/em><\/li>\n\n\n\n<li><strong><em>PLUSIEURS MARQUES ET TYPES DE MOTEURS<\/em>:<\/strong> <em>nous proposons des v\u00e9los \u00e9lectriques de 4 marques, dont Orbea, Moose, Velec, et Spherik, et comprenons les avantages et les inconv\u00e9nients entre un Mid Drive et un hub Drive, car nous les vendons tous les deux.<\/em><\/li>\n\n\n\n<li><strong><em>NOUS SOMMES UN MAGASIN DE V\u00c9LOS<\/em>:<\/strong> <em>Nous connaissons les v\u00e9los ET les v\u00e9los \u00e9lectriques. Nous savons quelle est la diff\u00e9rence entre une manivelle et un bo\u00eetier de p\u00e9dalier, la diff\u00e9rence entre une vis B et un ajusteur de barillet et la diff\u00e9rence entre un levier de vitesses et un d\u00e9railleur.<\/em><\/li>\n\n\n\n<li><strong><em>ACCESSOIRES<\/em>:<\/strong> <em>Nous sommes enti\u00e8rement approvisionn\u00e9s avec les accessoires dont vous avez besoin<\/em>.<\/li>\n\n\n\n<li><strong><em>LA S\u00c9CURIT\u00c9 D&rsquo;ABORD<\/em>:<\/strong> <em>Nous savons comment installer les guidons, les couples de serrage et quels outils utiliser pour garantir que vos composantes sont install\u00e9es en toute s\u00e9curit\u00e9 et pr\u00eates \u00e0 l&#8217;emploi.<\/em><\/li>\n<\/ol>\n","protected":false},"excerpt":{"rendered":"<p>Pourquoi acheter votre v\u00e9lo chez explore velo? 20% de rabais sur LES ACCESSOIRES lors de votre achat Pensez s\u00e9curit\u00e9, survie et couleurs Safety Survival Bling Bells, Lights, reflective Pumps, CO2, Spares Pedals Helmets, gloves Bags, saddle bags Grips Spare parts Tools, Multi-tools Handlebars, Stems Locks Chain Lube, grease Water bottles, cages * Certaines exceptions s&rsquo;appliquent [&hellip;]<\/p>\n","protected":false},"author":1,"featured_media":225,"parent":0,"menu_order":0,"comment_status":"closed","ping_status":"closed","template":"","meta":{"_acf_changed":false,"footnotes":""},"class_list":["post-476","page","type-page","status-publish","has-post-thumbnail","hentry"],"acf":[],"yoast_head":"<!-- This site is optimized with the Yoast SEO plugin v22.2 - https:\/\/yoast.com\/wordpress\/plugins\/seo\/ -->\n<title>Pourquoi acheter chez explore velo?\u00a0 | ExploreVelo<\/title>\n<meta name=\"description\" content=\"Explore Velo is a unique full service, retail cycling experience catering to all riders, cyclists. It is born from all that cycling delivers to life and its benefits to mental and physical health. The store features unique, fun and inspiring characteristics found while exploring some of the best bike shops in North America over the last 15 years. We are excited to bring new brands to central New Brunswick including a couple of iconic 100+-year-old brands and some exciting Canadian brands to the marketplace in order to inspire new and experienced riders, young and old alike. Explore Velo, Geared for Adventure!\" \/>\n<meta name=\"robots\" content=\"index, follow, max-snippet:-1, max-image-preview:large, max-video-preview:-1\" \/>\n<link rel=\"canonical\" href=\"https:\/\/www.explorevelo.ca\/fr\/pourquoi-acheter-votre-velo-chez-explore-velo\/\" \/>\n<meta property=\"og:locale\" content=\"fr_FR\" \/>\n<meta property=\"og:type\" content=\"article\" \/>\n<meta property=\"og:title\" content=\"Pourquoi acheter chez explore velo?\u00a0 | ExploreVelo\" \/>\n<meta property=\"og:description\" content=\"Explore Velo is a unique full service, retail cycling experience catering to all riders, cyclists. It is born from all that cycling delivers to life and its benefits to mental and physical health. The store features unique, fun and inspiring characteristics found while exploring some of the best bike shops in North America over the last 15 years. We are excited to bring new brands to central New Brunswick including a couple of iconic 100+-year-old brands and some exciting Canadian brands to the marketplace in order to inspire new and experienced riders, young and old alike. Explore Velo, Geared for Adventure!\" \/>\n<meta property=\"og:url\" content=\"https:\/\/www.explorevelo.ca\/fr\/pourquoi-acheter-votre-velo-chez-explore-velo\/\" \/>\n<meta property=\"og:site_name\" content=\"ExploreVelo\" \/>\n<meta property=\"article:publisher\" content=\"https:\/\/www.facebook.com\/people\/Explore-Velo\/100074640000057\/\" \/>\n<meta property=\"article:modified_time\" content=\"2023-03-08T18:27:30+00:00\" \/>\n<meta property=\"og:image\" content=\"https:\/\/www.explorevelo.ca\/wp-content\/uploads\/2022\/07\/Singletrack-POV-scaled.jpg\" \/>\n\t<meta property=\"og:image:width\" content=\"2560\" \/>\n\t<meta property=\"og:image:height\" content=\"1920\" \/>\n\t<meta property=\"og:image:type\" content=\"image\/jpeg\" \/>\n<meta name=\"twitter:card\" content=\"summary_large_image\" \/>\n<meta name=\"twitter:site\" content=\"@explorevelo\" \/>\n<meta name=\"twitter:label1\" content=\"Dur\u00e9e de lecture estim\u00e9e\" \/>\n\t<meta name=\"twitter:data1\" content=\"3 minutes\" \/>\n<script type=\"application\/ld+json\" class=\"yoast-schema-graph\">{\"@context\":\"https:\/\/schema.org\",\"@graph\":[{\"@type\":\"WebPage\",\"@id\":\"https:\/\/www.explorevelo.ca\/fr\/pourquoi-acheter-votre-velo-chez-explore-velo\/\",\"url\":\"https:\/\/www.explorevelo.ca\/fr\/pourquoi-acheter-votre-velo-chez-explore-velo\/\",\"name\":\"Pourquoi acheter chez explore velo?\u00a0 | ExploreVelo\",\"isPartOf\":{\"@id\":\"https:\/\/www.explorevelo.ca\/fr\/#website\"},\"primaryImageOfPage\":{\"@id\":\"https:\/\/www.explorevelo.ca\/fr\/pourquoi-acheter-votre-velo-chez-explore-velo\/#primaryimage\"},\"image\":{\"@id\":\"https:\/\/www.explorevelo.ca\/fr\/pourquoi-acheter-votre-velo-chez-explore-velo\/#primaryimage\"},\"thumbnailUrl\":\"https:\/\/www.explorevelo.ca\/wp-content\/uploads\/2022\/07\/Singletrack-POV-scaled.jpg\",\"datePublished\":\"2022-07-07T15:30:46+00:00\",\"dateModified\":\"2023-03-08T18:27:30+00:00\",\"description\":\"Explore Velo is a unique full service, retail cycling experience catering to all riders, cyclists. It is born from all that cycling delivers to life and its benefits to mental and physical health. The store features unique, fun and inspiring characteristics found while exploring some of the best bike shops in North America over the last 15 years. We are excited to bring new brands to central New Brunswick including a couple of iconic 100+-year-old brands and some exciting Canadian brands to the marketplace in order to inspire new and experienced riders, young and old alike. Explore Velo, Geared for Adventure!\",\"breadcrumb\":{\"@id\":\"https:\/\/www.explorevelo.ca\/fr\/pourquoi-acheter-votre-velo-chez-explore-velo\/#breadcrumb\"},\"inLanguage\":\"fr-FR\",\"potentialAction\":[{\"@type\":\"ReadAction\",\"target\":[\"https:\/\/www.explorevelo.ca\/fr\/pourquoi-acheter-votre-velo-chez-explore-velo\/\"]}]},{\"@type\":\"ImageObject\",\"inLanguage\":\"fr-FR\",\"@id\":\"https:\/\/www.explorevelo.ca\/fr\/pourquoi-acheter-votre-velo-chez-explore-velo\/#primaryimage\",\"url\":\"https:\/\/www.explorevelo.ca\/wp-content\/uploads\/2022\/07\/Singletrack-POV-scaled.jpg\",\"contentUrl\":\"https:\/\/www.explorevelo.ca\/wp-content\/uploads\/2022\/07\/Singletrack-POV-scaled.jpg\",\"width\":2560,\"height\":1920},{\"@type\":\"BreadcrumbList\",\"@id\":\"https:\/\/www.explorevelo.ca\/fr\/pourquoi-acheter-votre-velo-chez-explore-velo\/#breadcrumb\",\"itemListElement\":[{\"@type\":\"ListItem\",\"position\":1,\"name\":\"Home\",\"item\":\"https:\/\/www.explorevelo.ca\/fr\/\"},{\"@type\":\"ListItem\",\"position\":2,\"name\":\"Pourquoi acheter chez explore velo?\u00a0\"}]},{\"@type\":\"WebSite\",\"@id\":\"https:\/\/www.explorevelo.ca\/fr\/#website\",\"url\":\"https:\/\/www.explorevelo.ca\/fr\/\",\"name\":\"ExploreVelo\",\"description\":\"Ax\u00e9 sur l&#039;aventure\",\"publisher\":{\"@id\":\"https:\/\/www.explorevelo.ca\/fr\/#organization\"},\"potentialAction\":[{\"@type\":\"SearchAction\",\"target\":{\"@type\":\"EntryPoint\",\"urlTemplate\":\"https:\/\/www.explorevelo.ca\/fr\/?s={search_term_string}\"},\"query-input\":\"required name=search_term_string\"}],\"inLanguage\":\"fr-FR\"},{\"@type\":\"Organization\",\"@id\":\"https:\/\/www.explorevelo.ca\/fr\/#organization\",\"name\":\"ExploreVelo\",\"url\":\"https:\/\/www.explorevelo.ca\/fr\/\",\"logo\":{\"@type\":\"ImageObject\",\"inLanguage\":\"fr-FR\",\"@id\":\"https:\/\/www.explorevelo.ca\/fr\/#\/schema\/logo\/image\/\",\"url\":\"https:\/\/www.explorevelo.ca\/wp-content\/uploads\/2022\/07\/logo.svg\",\"contentUrl\":\"https:\/\/www.explorevelo.ca\/wp-content\/uploads\/2022\/07\/logo.svg\",\"width\":1080,\"height\":1080,\"caption\":\"ExploreVelo\"},\"image\":{\"@id\":\"https:\/\/www.explorevelo.ca\/fr\/#\/schema\/logo\/image\/\"},\"sameAs\":[\"https:\/\/www.facebook.com\/people\/Explore-Velo\/100074640000057\/\",\"https:\/\/twitter.com\/explorevelo\",\"https:\/\/www.instagram.com\/explorevelo.ca\/\"]}]}<\/script>\n<!-- \/ Yoast SEO plugin. -->","yoast_head_json":{"title":"Pourquoi acheter chez explore velo?\u00a0 | ExploreVelo","description":"Explore Velo is a unique full service, retail cycling experience catering to all riders, cyclists. It is born from all that cycling delivers to life and its benefits to mental and physical health. The store features unique, fun and inspiring characteristics found while exploring some of the best bike shops in North America over the last 15 years. We are excited to bring new brands to central New Brunswick including a couple of iconic 100+-year-old brands and some exciting Canadian brands to the marketplace in order to inspire new and experienced riders, young and old alike. Explore Velo, Geared for Adventure!","robots":{"index":"index","follow":"follow","max-snippet":"max-snippet:-1","max-image-preview":"max-image-preview:large","max-video-preview":"max-video-preview:-1"},"canonical":"https:\/\/www.explorevelo.ca\/fr\/pourquoi-acheter-votre-velo-chez-explore-velo\/","og_locale":"fr_FR","og_type":"article","og_title":"Pourquoi acheter chez explore velo?\u00a0 | ExploreVelo","og_description":"Explore Velo is a unique full service, retail cycling experience catering to all riders, cyclists. It is born from all that cycling delivers to life and its benefits to mental and physical health. The store features unique, fun and inspiring characteristics found while exploring some of the best bike shops in North America over the last 15 years. We are excited to bring new brands to central New Brunswick including a couple of iconic 100+-year-old brands and some exciting Canadian brands to the marketplace in order to inspire new and experienced riders, young and old alike. Explore Velo, Geared for Adventure!","og_url":"https:\/\/www.explorevelo.ca\/fr\/pourquoi-acheter-votre-velo-chez-explore-velo\/","og_site_name":"ExploreVelo","article_publisher":"https:\/\/www.facebook.com\/people\/Explore-Velo\/100074640000057\/","article_modified_time":"2023-03-08T18:27:30+00:00","og_image":[{"width":2560,"height":1920,"url":"https:\/\/www.explorevelo.ca\/wp-content\/uploads\/2022\/07\/Singletrack-POV-scaled.jpg","type":"image\/jpeg"}],"twitter_card":"summary_large_image","twitter_site":"@explorevelo","twitter_misc":{"Dur\u00e9e de lecture estim\u00e9e":"3 minutes"},"schema":{"@context":"https:\/\/schema.org","@graph":[{"@type":"WebPage","@id":"https:\/\/www.explorevelo.ca\/fr\/pourquoi-acheter-votre-velo-chez-explore-velo\/","url":"https:\/\/www.explorevelo.ca\/fr\/pourquoi-acheter-votre-velo-chez-explore-velo\/","name":"Pourquoi acheter chez explore velo?\u00a0 | ExploreVelo","isPartOf":{"@id":"https:\/\/www.explorevelo.ca\/fr\/#website"},"primaryImageOfPage":{"@id":"https:\/\/www.explorevelo.ca\/fr\/pourquoi-acheter-votre-velo-chez-explore-velo\/#primaryimage"},"image":{"@id":"https:\/\/www.explorevelo.ca\/fr\/pourquoi-acheter-votre-velo-chez-explore-velo\/#primaryimage"},"thumbnailUrl":"https:\/\/www.explorevelo.ca\/wp-content\/uploads\/2022\/07\/Singletrack-POV-scaled.jpg","datePublished":"2022-07-07T15:30:46+00:00","dateModified":"2023-03-08T18:27:30+00:00","description":"Explore Velo is a unique full service, retail cycling experience catering to all riders, cyclists. It is born from all that cycling delivers to life and its benefits to mental and physical health. The store features unique, fun and inspiring characteristics found while exploring some of the best bike shops in North America over the last 15 years. We are excited to bring new brands to central New Brunswick including a couple of iconic 100+-year-old brands and some exciting Canadian brands to the marketplace in order to inspire new and experienced riders, young and old alike. Explore Velo, Geared for Adventure!","breadcrumb":{"@id":"https:\/\/www.explorevelo.ca\/fr\/pourquoi-acheter-votre-velo-chez-explore-velo\/#breadcrumb"},"inLanguage":"fr-FR","potentialAction":[{"@type":"ReadAction","target":["https:\/\/www.explorevelo.ca\/fr\/pourquoi-acheter-votre-velo-chez-explore-velo\/"]}]},{"@type":"ImageObject","inLanguage":"fr-FR","@id":"https:\/\/www.explorevelo.ca\/fr\/pourquoi-acheter-votre-velo-chez-explore-velo\/#primaryimage","url":"https:\/\/www.explorevelo.ca\/wp-content\/uploads\/2022\/07\/Singletrack-POV-scaled.jpg","contentUrl":"https:\/\/www.explorevelo.ca\/wp-content\/uploads\/2022\/07\/Singletrack-POV-scaled.jpg","width":2560,"height":1920},{"@type":"BreadcrumbList","@id":"https:\/\/www.explorevelo.ca\/fr\/pourquoi-acheter-votre-velo-chez-explore-velo\/#breadcrumb","itemListElement":[{"@type":"ListItem","position":1,"name":"Home","item":"https:\/\/www.explorevelo.ca\/fr\/"},{"@type":"ListItem","position":2,"name":"Pourquoi acheter chez explore velo?\u00a0"}]},{"@type":"WebSite","@id":"https:\/\/www.explorevelo.ca\/fr\/#website","url":"https:\/\/www.explorevelo.ca\/fr\/","name":"ExploreVelo","description":"Ax\u00e9 sur l&#039;aventure","publisher":{"@id":"https:\/\/www.explorevelo.ca\/fr\/#organization"},"potentialAction":[{"@type":"SearchAction","target":{"@type":"EntryPoint","urlTemplate":"https:\/\/www.explorevelo.ca\/fr\/?s={search_term_string}"},"query-input":"required name=search_term_string"}],"inLanguage":"fr-FR"},{"@type":"Organization","@id":"https:\/\/www.explorevelo.ca\/fr\/#organization","name":"ExploreVelo","url":"https:\/\/www.explorevelo.ca\/fr\/","logo":{"@type":"ImageObject","inLanguage":"fr-FR","@id":"https:\/\/www.explorevelo.ca\/fr\/#\/schema\/logo\/image\/","url":"https:\/\/www.explorevelo.ca\/wp-content\/uploads\/2022\/07\/logo.svg","contentUrl":"https:\/\/www.explorevelo.ca\/wp-content\/uploads\/2022\/07\/logo.svg","width":1080,"height":1080,"caption":"ExploreVelo"},"image":{"@id":"https:\/\/www.explorevelo.ca\/fr\/#\/schema\/logo\/image\/"},"sameAs":["https:\/\/www.facebook.com\/people\/Explore-Velo\/100074640000057\/","https:\/\/twitter.com\/explorevelo","https:\/\/www.instagram.com\/explorevelo.ca\/"]}]}},"_links":{"self":[{"href":"https:\/\/www.explorevelo.ca\/fr\/wp-json\/wp\/v2\/pages\/476","targetHints":{"allow":["GET"]}}],"collection":[{"href":"https:\/\/www.explorevelo.ca\/fr\/wp-json\/wp\/v2\/pages"}],"about":[{"href":"https:\/\/www.explorevelo.ca\/fr\/wp-json\/wp\/v2\/types\/page"}],"author":[{"embeddable":true,"href":"https:\/\/www.explorevelo.ca\/fr\/wp-json\/wp\/v2\/users\/1"}],"replies":[{"embeddable":true,"href":"https:\/\/www.explorevelo.ca\/fr\/wp-json\/wp\/v2\/comments?post=476"}],"version-history":[{"count":10,"href":"https:\/\/www.explorevelo.ca\/fr\/wp-json\/wp\/v2\/pages\/476\/revisions"}],"predecessor-version":[{"id":874,"href":"https:\/\/www.explorevelo.ca\/fr\/wp-json\/wp\/v2\/pages\/476\/revisions\/874"}],"wp:featuredmedia":[{"embeddable":true,"href":"https:\/\/www.explorevelo.ca\/fr\/wp-json\/wp\/v2\/media\/225"}],"wp:attachment":[{"href":"https:\/\/www.explorevelo.ca\/fr\/wp-json\/wp\/v2\/media?parent=476"}],"curies":[{"name":"wp","href":"https:\/\/api.w.org\/{rel}","templated":true}]}}