{"id":509,"date":"2022-07-11T15:27:20","date_gmt":"2022-07-11T15:27:20","guid":{"rendered":"https:\/\/explorevelo.ca\/?page_id=509"},"modified":"2023-09-03T10:48:44","modified_gmt":"2023-09-03T13:48:44","slug":"our-team","status":"publish","type":"page","link":"https:\/\/www.explorevelo.ca\/fr\/our-team\/","title":{"rendered":"Notre \u00e9quipe"},"content":{"rendered":"\n<h1 class=\"wp-block-heading\">Notre \u00e9quipe<\/h1>\n\n\n\n<div class=\"wp-block-columns is-layout-flex wp-container-core-columns-is-layout-9d6595d7 wp-block-columns-is-layout-flex\">\n<div class=\"wp-block-column is-layout-flow wp-block-column-is-layout-flow\">\n<p>Les membres de notre \u00e9quipe sont des cyclistes passionn\u00e9s qui sont soit d&rsquo;anciens coureurs, soit ont parcouru le Nouveau-Brunswick ou l&rsquo;Ontario pour la charit\u00e9; des cyclistes de banlieue d\u00e9vou\u00e9s 365 jours par an, ont consacr\u00e9 leur vie \u00e0 la communaut\u00e9 cycliste ou tout ce qui pr\u00e9c\u00e8de. Nous sommes heureux de vous fournir les niveaux de service que vous attendez d&rsquo;un magasin de v\u00e9los \u00e0 service complet et nous sommes heureux de favoriser les amiti\u00e9s et les relations pour les ann\u00e9es \u00e0 venir.<\/p>\n\n\n\n<div style=\"height:20px\" aria-hidden=\"true\" class=\"wp-block-spacer\"><\/div>\n\n\n\n<hr class=\"wp-block-separator has-text-color has-alpha-channel-opacity has-background\" style=\"background-color:#ca5d2b;color:#ca5d2b\"\/>\n\n\n\n<div style=\"height:20px\" aria-hidden=\"true\" class=\"wp-block-spacer\"><\/div>\n\n\n\n<h6 class=\"wp-block-heading\">Joindre notre \u00e9quipe&nbsp;&nbsp;<\/h6>\n\n\n\n<p><em>Nous recherchons toujours du talent !&nbsp;<\/em><br><em>Si vous \u00eates passionn\u00e9 par tout ce qui concerne les v\u00e9los, souhaitez voir o\u00f9 une carri\u00e8re dans le cyclisme peut vous mener ou si vous \u00eates actuellement dans l&rsquo;industrie du cyclisme et que vous souhaitez travailler dans une belle province et ville avec une belle communaut\u00e9 de cyclistes, dites-nous qui vous \u00eates !&nbsp;<\/em><br><em>Postulez directement en fournissant votre CV ainsi que les raisons pour lesquelles vous souhaitez vous joindre \u00e0 notre \u00e9quipe au<\/em> <a href=\"mailto:exploreveloshop@gmail.com\">exploreveloshop@gmail.com<\/a>&nbsp;&nbsp;<\/p>\n<\/div>\n\n\n\n<div class=\"wp-block-column is-layout-flow wp-block-column-is-layout-flow\">\n<figure class=\"wp-block-image size-full\"><img decoding=\"async\" width=\"1024\" height=\"768\" src=\"https:\/\/www.explorevelo.ca\/wp-content\/uploads\/2023\/09\/358122488_302167105614621_227456491275355437_n-1-1024x768-1.jpg\" alt=\"\" class=\"wp-image-1030\" srcset=\"https:\/\/www.explorevelo.ca\/wp-content\/uploads\/2023\/09\/358122488_302167105614621_227456491275355437_n-1-1024x768-1.jpg 1024w, https:\/\/www.explorevelo.ca\/wp-content\/uploads\/2023\/09\/358122488_302167105614621_227456491275355437_n-1-1024x768-1-300x225.jpg 300w, https:\/\/www.explorevelo.ca\/wp-content\/uploads\/2023\/09\/358122488_302167105614621_227456491275355437_n-1-1024x768-1-768x576.jpg 768w\" sizes=\"(max-width: 1024px) 100vw, 1024px\" \/><\/figure>\n\n\n\n<figure class=\"wp-block-gallery has-nested-images columns-default is-cropped wp-block-gallery-1 is-layout-flex wp-block-gallery-is-layout-flex\">\n<figure class=\"wp-block-image size-full\"><img decoding=\"async\" width=\"1024\" height=\"768\" data-id=\"1028\" src=\"https:\/\/www.explorevelo.ca\/wp-content\/uploads\/2023\/09\/336186969_1653184398443315_9153925026427291415_n-1024x768-1.jpg\" alt=\"\" class=\"wp-image-1028\" srcset=\"https:\/\/www.explorevelo.ca\/wp-content\/uploads\/2023\/09\/336186969_1653184398443315_9153925026427291415_n-1024x768-1.jpg 1024w, https:\/\/www.explorevelo.ca\/wp-content\/uploads\/2023\/09\/336186969_1653184398443315_9153925026427291415_n-1024x768-1-300x225.jpg 300w, https:\/\/www.explorevelo.ca\/wp-content\/uploads\/2023\/09\/336186969_1653184398443315_9153925026427291415_n-1024x768-1-768x576.jpg 768w\" sizes=\"(max-width: 1024px) 100vw, 1024px\" \/><\/figure>\n\n\n\n<figure class=\"wp-block-image size-large\"><img decoding=\"async\" width=\"1024\" height=\"895\" data-id=\"1024\" src=\"https:\/\/www.explorevelo.ca\/wp-content\/uploads\/2023\/09\/367475411_317422610755737_7254545841278017688_n-1-1024x895.jpg\" alt=\"\" class=\"wp-image-1024\" srcset=\"https:\/\/www.explorevelo.ca\/wp-content\/uploads\/2023\/09\/367475411_317422610755737_7254545841278017688_n-1-1024x895.jpg 1024w, https:\/\/www.explorevelo.ca\/wp-content\/uploads\/2023\/09\/367475411_317422610755737_7254545841278017688_n-1-300x262.jpg 300w, https:\/\/www.explorevelo.ca\/wp-content\/uploads\/2023\/09\/367475411_317422610755737_7254545841278017688_n-1-768x671.jpg 768w, https:\/\/www.explorevelo.ca\/wp-content\/uploads\/2023\/09\/367475411_317422610755737_7254545841278017688_n-1-1536x1343.jpg 1536w, https:\/\/www.explorevelo.ca\/wp-content\/uploads\/2023\/09\/367475411_317422610755737_7254545841278017688_n-1-1440x1259.jpg 1440w, https:\/\/www.explorevelo.ca\/wp-content\/uploads\/2023\/09\/367475411_317422610755737_7254545841278017688_n-1.jpg 2048w\" sizes=\"(max-width: 1024px) 100vw, 1024px\" \/><\/figure>\n<\/figure>\n\n\n\n<figure class=\"wp-block-image size-full\"><img decoding=\"async\" width=\"1024\" height=\"768\" src=\"https:\/\/www.explorevelo.ca\/wp-content\/uploads\/2023\/09\/347895861_784074440047083_5028410036770334642_n-1024x768-1.jpg\" alt=\"\" class=\"wp-image-1032\" srcset=\"https:\/\/www.explorevelo.ca\/wp-content\/uploads\/2023\/09\/347895861_784074440047083_5028410036770334642_n-1024x768-1.jpg 1024w, https:\/\/www.explorevelo.ca\/wp-content\/uploads\/2023\/09\/347895861_784074440047083_5028410036770334642_n-1024x768-1-300x225.jpg 300w, https:\/\/www.explorevelo.ca\/wp-content\/uploads\/2023\/09\/347895861_784074440047083_5028410036770334642_n-1024x768-1-768x576.jpg 768w\" sizes=\"(max-width: 1024px) 100vw, 1024px\" \/><\/figure>\n<\/div>\n<\/div>\n","protected":false},"excerpt":{"rendered":"<p>Notre \u00e9quipe Les membres de notre \u00e9quipe sont des cyclistes passionn\u00e9s qui sont soit d&rsquo;anciens coureurs, soit ont parcouru le Nouveau-Brunswick ou l&rsquo;Ontario pour la charit\u00e9; des cyclistes de banlieue d\u00e9vou\u00e9s 365 jours par an, ont consacr\u00e9 leur vie \u00e0 la communaut\u00e9 cycliste ou tout ce qui pr\u00e9c\u00e8de. Nous sommes heureux de vous fournir les [&hellip;]<\/p>\n","protected":false},"author":1,"featured_media":290,"parent":0,"menu_order":0,"comment_status":"closed","ping_status":"closed","template":"","meta":{"_acf_changed":false,"footnotes":""},"class_list":["post-509","page","type-page","status-publish","has-post-thumbnail","hentry"],"acf":[],"yoast_head":"<!-- This site is optimized with the Yoast SEO plugin v22.2 - https:\/\/yoast.com\/wordpress\/plugins\/seo\/ -->\n<title>Notre \u00e9quipe | ExploreVelo<\/title>\n<meta name=\"description\" content=\"Explore Velo is a unique full service, retail cycling experience catering to all riders, cyclists. It is born from all that cycling delivers to life and its benefits to mental and physical health. The store features unique, fun and inspiring characteristics found while exploring some of the best bike shops in North America over the last 15 years. We are excited to bring new brands to central New Brunswick including a couple of iconic 100+-year-old brands and some exciting Canadian brands to the marketplace in order to inspire new and experienced riders, young and old alike. Explore Velo, Geared for Adventure!\" \/>\n<meta name=\"robots\" content=\"index, follow, max-snippet:-1, max-image-preview:large, max-video-preview:-1\" \/>\n<link rel=\"canonical\" href=\"https:\/\/www.explorevelo.ca\/fr\/our-team\/\" \/>\n<meta property=\"og:locale\" content=\"fr_FR\" \/>\n<meta property=\"og:type\" content=\"article\" \/>\n<meta property=\"og:title\" content=\"Notre \u00e9quipe | ExploreVelo\" \/>\n<meta property=\"og:description\" content=\"Explore Velo is a unique full service, retail cycling experience catering to all riders, cyclists. It is born from all that cycling delivers to life and its benefits to mental and physical health. The store features unique, fun and inspiring characteristics found while exploring some of the best bike shops in North America over the last 15 years. We are excited to bring new brands to central New Brunswick including a couple of iconic 100+-year-old brands and some exciting Canadian brands to the marketplace in order to inspire new and experienced riders, young and old alike. Explore Velo, Geared for Adventure!\" \/>\n<meta property=\"og:url\" content=\"https:\/\/www.explorevelo.ca\/fr\/our-team\/\" \/>\n<meta property=\"og:site_name\" content=\"ExploreVelo\" \/>\n<meta property=\"article:publisher\" content=\"https:\/\/www.facebook.com\/people\/Explore-Velo\/100074640000057\/\" \/>\n<meta property=\"article:modified_time\" content=\"2023-09-03T13:48:44+00:00\" \/>\n<meta property=\"og:image\" content=\"https:\/\/www.explorevelo.ca\/wp-content\/uploads\/2022\/07\/Orbea_Rallon_19-scaled.jpg\" \/>\n\t<meta property=\"og:image:width\" content=\"2560\" \/>\n\t<meta property=\"og:image:height\" content=\"1707\" \/>\n\t<meta property=\"og:image:type\" content=\"image\/jpeg\" \/>\n<meta name=\"twitter:card\" content=\"summary_large_image\" \/>\n<meta name=\"twitter:site\" content=\"@explorevelo\" \/>\n<meta name=\"twitter:label1\" content=\"Dur\u00e9e de lecture estim\u00e9e\" \/>\n\t<meta name=\"twitter:data1\" content=\"2 minutes\" \/>\n<script type=\"application\/ld+json\" class=\"yoast-schema-graph\">{\"@context\":\"https:\/\/schema.org\",\"@graph\":[{\"@type\":\"WebPage\",\"@id\":\"https:\/\/www.explorevelo.ca\/fr\/our-team\/\",\"url\":\"https:\/\/www.explorevelo.ca\/fr\/our-team\/\",\"name\":\"Notre \u00e9quipe | ExploreVelo\",\"isPartOf\":{\"@id\":\"https:\/\/www.explorevelo.ca\/fr\/#website\"},\"primaryImageOfPage\":{\"@id\":\"https:\/\/www.explorevelo.ca\/fr\/our-team\/#primaryimage\"},\"image\":{\"@id\":\"https:\/\/www.explorevelo.ca\/fr\/our-team\/#primaryimage\"},\"thumbnailUrl\":\"https:\/\/www.explorevelo.ca\/wp-content\/uploads\/2022\/07\/Orbea_Rallon_19-scaled.jpg\",\"datePublished\":\"2022-07-11T15:27:20+00:00\",\"dateModified\":\"2023-09-03T13:48:44+00:00\",\"description\":\"Explore Velo is a unique full service, retail cycling experience catering to all riders, cyclists. It is born from all that cycling delivers to life and its benefits to mental and physical health. The store features unique, fun and inspiring characteristics found while exploring some of the best bike shops in North America over the last 15 years. We are excited to bring new brands to central New Brunswick including a couple of iconic 100+-year-old brands and some exciting Canadian brands to the marketplace in order to inspire new and experienced riders, young and old alike. Explore Velo, Geared for Adventure!\",\"breadcrumb\":{\"@id\":\"https:\/\/www.explorevelo.ca\/fr\/our-team\/#breadcrumb\"},\"inLanguage\":\"fr-FR\",\"potentialAction\":[{\"@type\":\"ReadAction\",\"target\":[\"https:\/\/www.explorevelo.ca\/fr\/our-team\/\"]}]},{\"@type\":\"ImageObject\",\"inLanguage\":\"fr-FR\",\"@id\":\"https:\/\/www.explorevelo.ca\/fr\/our-team\/#primaryimage\",\"url\":\"https:\/\/www.explorevelo.ca\/wp-content\/uploads\/2022\/07\/Orbea_Rallon_19-scaled.jpg\",\"contentUrl\":\"https:\/\/www.explorevelo.ca\/wp-content\/uploads\/2022\/07\/Orbea_Rallon_19-scaled.jpg\",\"width\":2560,\"height\":1707},{\"@type\":\"BreadcrumbList\",\"@id\":\"https:\/\/www.explorevelo.ca\/fr\/our-team\/#breadcrumb\",\"itemListElement\":[{\"@type\":\"ListItem\",\"position\":1,\"name\":\"Home\",\"item\":\"https:\/\/www.explorevelo.ca\/fr\/\"},{\"@type\":\"ListItem\",\"position\":2,\"name\":\"Notre \u00e9quipe\"}]},{\"@type\":\"WebSite\",\"@id\":\"https:\/\/www.explorevelo.ca\/fr\/#website\",\"url\":\"https:\/\/www.explorevelo.ca\/fr\/\",\"name\":\"ExploreVelo\",\"description\":\"Ax\u00e9 sur l&#039;aventure\",\"publisher\":{\"@id\":\"https:\/\/www.explorevelo.ca\/fr\/#organization\"},\"potentialAction\":[{\"@type\":\"SearchAction\",\"target\":{\"@type\":\"EntryPoint\",\"urlTemplate\":\"https:\/\/www.explorevelo.ca\/fr\/?s={search_term_string}\"},\"query-input\":\"required name=search_term_string\"}],\"inLanguage\":\"fr-FR\"},{\"@type\":\"Organization\",\"@id\":\"https:\/\/www.explorevelo.ca\/fr\/#organization\",\"name\":\"ExploreVelo\",\"url\":\"https:\/\/www.explorevelo.ca\/fr\/\",\"logo\":{\"@type\":\"ImageObject\",\"inLanguage\":\"fr-FR\",\"@id\":\"https:\/\/www.explorevelo.ca\/fr\/#\/schema\/logo\/image\/\",\"url\":\"https:\/\/www.explorevelo.ca\/wp-content\/uploads\/2022\/07\/logo.svg\",\"contentUrl\":\"https:\/\/www.explorevelo.ca\/wp-content\/uploads\/2022\/07\/logo.svg\",\"width\":1080,\"height\":1080,\"caption\":\"ExploreVelo\"},\"image\":{\"@id\":\"https:\/\/www.explorevelo.ca\/fr\/#\/schema\/logo\/image\/\"},\"sameAs\":[\"https:\/\/www.facebook.com\/people\/Explore-Velo\/100074640000057\/\",\"https:\/\/twitter.com\/explorevelo\",\"https:\/\/www.instagram.com\/explorevelo.ca\/\"]}]}<\/script>\n<!-- \/ Yoast SEO plugin. -->","yoast_head_json":{"title":"Notre \u00e9quipe | ExploreVelo","description":"Explore Velo is a unique full service, retail cycling experience catering to all riders, cyclists. It is born from all that cycling delivers to life and its benefits to mental and physical health. The store features unique, fun and inspiring characteristics found while exploring some of the best bike shops in North America over the last 15 years. We are excited to bring new brands to central New Brunswick including a couple of iconic 100+-year-old brands and some exciting Canadian brands to the marketplace in order to inspire new and experienced riders, young and old alike. Explore Velo, Geared for Adventure!","robots":{"index":"index","follow":"follow","max-snippet":"max-snippet:-1","max-image-preview":"max-image-preview:large","max-video-preview":"max-video-preview:-1"},"canonical":"https:\/\/www.explorevelo.ca\/fr\/our-team\/","og_locale":"fr_FR","og_type":"article","og_title":"Notre \u00e9quipe | ExploreVelo","og_description":"Explore Velo is a unique full service, retail cycling experience catering to all riders, cyclists. It is born from all that cycling delivers to life and its benefits to mental and physical health. The store features unique, fun and inspiring characteristics found while exploring some of the best bike shops in North America over the last 15 years. We are excited to bring new brands to central New Brunswick including a couple of iconic 100+-year-old brands and some exciting Canadian brands to the marketplace in order to inspire new and experienced riders, young and old alike. Explore Velo, Geared for Adventure!","og_url":"https:\/\/www.explorevelo.ca\/fr\/our-team\/","og_site_name":"ExploreVelo","article_publisher":"https:\/\/www.facebook.com\/people\/Explore-Velo\/100074640000057\/","article_modified_time":"2023-09-03T13:48:44+00:00","og_image":[{"width":2560,"height":1707,"url":"https:\/\/www.explorevelo.ca\/wp-content\/uploads\/2022\/07\/Orbea_Rallon_19-scaled.jpg","type":"image\/jpeg"}],"twitter_card":"summary_large_image","twitter_site":"@explorevelo","twitter_misc":{"Dur\u00e9e de lecture estim\u00e9e":"2 minutes"},"schema":{"@context":"https:\/\/schema.org","@graph":[{"@type":"WebPage","@id":"https:\/\/www.explorevelo.ca\/fr\/our-team\/","url":"https:\/\/www.explorevelo.ca\/fr\/our-team\/","name":"Notre \u00e9quipe | ExploreVelo","isPartOf":{"@id":"https:\/\/www.explorevelo.ca\/fr\/#website"},"primaryImageOfPage":{"@id":"https:\/\/www.explorevelo.ca\/fr\/our-team\/#primaryimage"},"image":{"@id":"https:\/\/www.explorevelo.ca\/fr\/our-team\/#primaryimage"},"thumbnailUrl":"https:\/\/www.explorevelo.ca\/wp-content\/uploads\/2022\/07\/Orbea_Rallon_19-scaled.jpg","datePublished":"2022-07-11T15:27:20+00:00","dateModified":"2023-09-03T13:48:44+00:00","description":"Explore Velo is a unique full service, retail cycling experience catering to all riders, cyclists. It is born from all that cycling delivers to life and its benefits to mental and physical health. The store features unique, fun and inspiring characteristics found while exploring some of the best bike shops in North America over the last 15 years. We are excited to bring new brands to central New Brunswick including a couple of iconic 100+-year-old brands and some exciting Canadian brands to the marketplace in order to inspire new and experienced riders, young and old alike. Explore Velo, Geared for Adventure!","breadcrumb":{"@id":"https:\/\/www.explorevelo.ca\/fr\/our-team\/#breadcrumb"},"inLanguage":"fr-FR","potentialAction":[{"@type":"ReadAction","target":["https:\/\/www.explorevelo.ca\/fr\/our-team\/"]}]},{"@type":"ImageObject","inLanguage":"fr-FR","@id":"https:\/\/www.explorevelo.ca\/fr\/our-team\/#primaryimage","url":"https:\/\/www.explorevelo.ca\/wp-content\/uploads\/2022\/07\/Orbea_Rallon_19-scaled.jpg","contentUrl":"https:\/\/www.explorevelo.ca\/wp-content\/uploads\/2022\/07\/Orbea_Rallon_19-scaled.jpg","width":2560,"height":1707},{"@type":"BreadcrumbList","@id":"https:\/\/www.explorevelo.ca\/fr\/our-team\/#breadcrumb","itemListElement":[{"@type":"ListItem","position":1,"name":"Home","item":"https:\/\/www.explorevelo.ca\/fr\/"},{"@type":"ListItem","position":2,"name":"Notre \u00e9quipe"}]},{"@type":"WebSite","@id":"https:\/\/www.explorevelo.ca\/fr\/#website","url":"https:\/\/www.explorevelo.ca\/fr\/","name":"ExploreVelo","description":"Ax\u00e9 sur l&#039;aventure","publisher":{"@id":"https:\/\/www.explorevelo.ca\/fr\/#organization"},"potentialAction":[{"@type":"SearchAction","target":{"@type":"EntryPoint","urlTemplate":"https:\/\/www.explorevelo.ca\/fr\/?s={search_term_string}"},"query-input":"required name=search_term_string"}],"inLanguage":"fr-FR"},{"@type":"Organization","@id":"https:\/\/www.explorevelo.ca\/fr\/#organization","name":"ExploreVelo","url":"https:\/\/www.explorevelo.ca\/fr\/","logo":{"@type":"ImageObject","inLanguage":"fr-FR","@id":"https:\/\/www.explorevelo.ca\/fr\/#\/schema\/logo\/image\/","url":"https:\/\/www.explorevelo.ca\/wp-content\/uploads\/2022\/07\/logo.svg","contentUrl":"https:\/\/www.explorevelo.ca\/wp-content\/uploads\/2022\/07\/logo.svg","width":1080,"height":1080,"caption":"ExploreVelo"},"image":{"@id":"https:\/\/www.explorevelo.ca\/fr\/#\/schema\/logo\/image\/"},"sameAs":["https:\/\/www.facebook.com\/people\/Explore-Velo\/100074640000057\/","https:\/\/twitter.com\/explorevelo","https:\/\/www.instagram.com\/explorevelo.ca\/"]}]}},"_links":{"self":[{"href":"https:\/\/www.explorevelo.ca\/fr\/wp-json\/wp\/v2\/pages\/509","targetHints":{"allow":["GET"]}}],"collection":[{"href":"https:\/\/www.explorevelo.ca\/fr\/wp-json\/wp\/v2\/pages"}],"about":[{"href":"https:\/\/www.explorevelo.ca\/fr\/wp-json\/wp\/v2\/types\/page"}],"author":[{"embeddable":true,"href":"https:\/\/www.explorevelo.ca\/fr\/wp-json\/wp\/v2\/users\/1"}],"replies":[{"embeddable":true,"href":"https:\/\/www.explorevelo.ca\/fr\/wp-json\/wp\/v2\/comments?post=509"}],"version-history":[{"count":4,"href":"https:\/\/www.explorevelo.ca\/fr\/wp-json\/wp\/v2\/pages\/509\/revisions"}],"predecessor-version":[{"id":1034,"href":"https:\/\/www.explorevelo.ca\/fr\/wp-json\/wp\/v2\/pages\/509\/revisions\/1034"}],"wp:featuredmedia":[{"embeddable":true,"href":"https:\/\/www.explorevelo.ca\/fr\/wp-json\/wp\/v2\/media\/290"}],"wp:attachment":[{"href":"https:\/\/www.explorevelo.ca\/fr\/wp-json\/wp\/v2\/media?parent=509"}],"curies":[{"name":"wp","href":"https:\/\/api.w.org\/{rel}","templated":true}]}}